{"id":184,"date":"2025-02-18T20:59:03","date_gmt":"2025-02-18T19:59:03","guid":{"rendered":"https:\/\/souslesradars.club\/?page_id=184"},"modified":"2025-03-01T01:39:18","modified_gmt":"2025-03-01T00:39:18","slug":"lettres-publiees","status":"publish","type":"page","link":"https:\/\/souslesradars.club\/index.php\/lettres-publiees\/","title":{"rendered":"Les lettres"},"content":{"rendered":"\n<hr class=\"wp-block-separator has-alpha-channel-opacity is-style-wide\"\/>\n\n\n\n<figure class=\"wp-block-table has-large-font-size\"><table class=\"has-border-color has-palette-color-8-border-color has-fixed-layout\"><tbody><tr><td class=\"has-text-align-center\" data-align=\"center\"><figure class=\"wp-block-image size-large\"><img loading=\"lazy\" decoding=\"async\" width=\"1024\" height=\"408\" class=\"wp-image-31\" src=\"http:\/\/souslesradars.club\/wp-content\/uploads\/2025\/02\/IMG_20250217_235632-1024x408.jpg\" alt=\"\" srcset=\"https:\/\/souslesradars.club\/wp-content\/uploads\/2025\/02\/IMG_20250217_235632-1024x408.jpg 1024w, https:\/\/souslesradars.club\/wp-content\/uploads\/2025\/02\/IMG_20250217_235632-300x120.jpg 300w, https:\/\/souslesradars.club\/wp-content\/uploads\/2025\/02\/IMG_20250217_235632-768x306.jpg 768w, https:\/\/souslesradars.club\/wp-content\/uploads\/2025\/02\/IMG_20250217_235632.jpg 1200w\" sizes=\"auto, (max-width: 1024px) 100vw, 1024px\" \/><\/figure><\/td><td class=\"has-text-align-center\" data-align=\"center\"><strong>Lettre de D\u00e9couverte mensuelle<\/strong><br>small &amp; mid caps m\u00e9connues<br>\u2728<strong>Qualit\u00e9<\/strong> \u2728<strong>Potentiel<\/strong> \u2728<strong>Originalit\u00e9<\/strong><\/td><\/tr><\/tbody><\/table><\/figure>\n\n\n\n<hr class=\"wp-block-separator has-alpha-channel-opacity is-style-wide\"\/>\n\n\n\n<div class=\"wp-block-buttons has-custom-font-size has-palette-color-6-background-color has-background has-medium-font-size is-horizontal is-content-justification-center is-layout-flex wp-container-core-buttons-is-layout-03627597 wp-block-buttons-is-layout-flex\">\n<div class=\"wp-block-button has-custom-font-size has-medium-font-size\"><a class=\"wp-block-button__link has-vivid-cyan-blue-background-color has-background wp-element-button\" href=\"https:\/\/substack.com\/@sousradars\" target=\"_blank\" rel=\"noreferrer noopener\">Je m&#8217;abonne (gratuitement)<\/a><\/div>\n<\/div>\n\n\n\n<hr class=\"wp-block-separator has-alpha-channel-opacity is-style-wide\"\/>\n\n\n\n<hr class=\"wp-block-separator has-alpha-channel-opacity is-style-wide\"\/>\n\n\n\n<div class=\"wp-block-columns are-vertically-aligned-top is-layout-flex wp-container-core-columns-is-layout-28f84493 wp-block-columns-is-layout-flex\">\n<div class=\"wp-block-column is-vertically-aligned-top is-layout-flow wp-block-column-is-layout-flow\" style=\"flex-basis:66.66%\">\n<h2 class=\"wp-block-heading has-text-align-center has-palette-color-6-background-color has-background has-medium-font-size\">\u2728Lettres publi\u00e9es<\/h2>\n\n\n\n<div class=\"wp-block-media-text is-stacked-on-mobile\" style=\"grid-template-columns:30% auto\"><figure class=\"wp-block-media-text__media\"><img loading=\"lazy\" decoding=\"async\" width=\"512\" height=\"512\" src=\"http:\/\/souslesradars.club\/wp-content\/uploads\/2025\/02\/cropped-IMG_20250216_022452.jpg\" alt=\"\" class=\"wp-image-13 size-full\" srcset=\"https:\/\/souslesradars.club\/wp-content\/uploads\/2025\/02\/cropped-IMG_20250216_022452.jpg 512w, https:\/\/souslesradars.club\/wp-content\/uploads\/2025\/02\/cropped-IMG_20250216_022452-300x300.jpg 300w, https:\/\/souslesradars.club\/wp-content\/uploads\/2025\/02\/cropped-IMG_20250216_022452-150x150.jpg 150w, https:\/\/souslesradars.club\/wp-content\/uploads\/2025\/02\/cropped-IMG_20250216_022452-270x270.jpg 270w, https:\/\/souslesradars.club\/wp-content\/uploads\/2025\/02\/cropped-IMG_20250216_022452-192x192.jpg 192w, https:\/\/souslesradars.club\/wp-content\/uploads\/2025\/02\/cropped-IMG_20250216_022452-180x180.jpg 180w, https:\/\/souslesradars.club\/wp-content\/uploads\/2025\/02\/cropped-IMG_20250216_022452-32x32.jpg 32w\" sizes=\"auto, (max-width: 512px) 100vw, 512px\" \/><\/figure><div class=\"wp-block-media-text__content\">\n<ul class=\"wp-block-list\">\n<li>d\u00e9but mars 2025<\/li>\n\n\n\n<li><strong>Lettre n\u00b01<\/strong> | 1 action gratuite \/ 3 Premium |<\/li>\n\n\n\n<li>[ \ud83d\udd17 Lettre de D\u00e9couverte n\u00b01 ]<\/li>\n<\/ul>\n<\/div><\/div>\n\n\n\n<hr class=\"wp-block-separator has-alpha-channel-opacity is-style-wide\"\/>\n\n\n\n<div class=\"wp-block-media-text is-stacked-on-mobile has-palette-color-7-background-color has-background\" style=\"grid-template-columns:30% auto\"><figure class=\"wp-block-media-text__media\"><a href=\"https:\/\/www.promed.com.au\/investors\/\" target=\"_blank\" rel=\" noreferrer noopener\"><img loading=\"lazy\" decoding=\"async\" width=\"512\" height=\"512\" src=\"http:\/\/souslesradars.club\/wp-content\/uploads\/2025\/02\/cropped-IMG_20250216_022452.jpg\" alt=\"\" class=\"wp-image-13 size-full\" srcset=\"https:\/\/souslesradars.club\/wp-content\/uploads\/2025\/02\/cropped-IMG_20250216_022452.jpg 512w, https:\/\/souslesradars.club\/wp-content\/uploads\/2025\/02\/cropped-IMG_20250216_022452-300x300.jpg 300w, https:\/\/souslesradars.club\/wp-content\/uploads\/2025\/02\/cropped-IMG_20250216_022452-150x150.jpg 150w, https:\/\/souslesradars.club\/wp-content\/uploads\/2025\/02\/cropped-IMG_20250216_022452-270x270.jpg 270w, https:\/\/souslesradars.club\/wp-content\/uploads\/2025\/02\/cropped-IMG_20250216_022452-192x192.jpg 192w, https:\/\/souslesradars.club\/wp-content\/uploads\/2025\/02\/cropped-IMG_20250216_022452-180x180.jpg 180w, https:\/\/souslesradars.club\/wp-content\/uploads\/2025\/02\/cropped-IMG_20250216_022452-32x32.jpg 32w\" sizes=\"auto, (max-width: 512px) 100vw, 512px\" \/><\/a><\/figure><div class=\"wp-block-media-text__content\">\n<ul class=\"wp-block-list\">\n<li>16 f\u00e9vrier 2025<\/li>\n\n\n\n<li><strong>Pr\u00e9sentation &#8220;D\u00e9mo.&#8221;<\/strong> | 1 action gratuite |<\/li>\n\n\n\n<li>[ \ud83d\udd17 <a href=\"https:\/\/sousradars.substack.com\/p\/amphastar-pharmaceuticals\" target=\"_blank\" rel=\"noreferrer noopener\">Amphastar Pharmaceuticals<\/a> ]<\/li>\n<\/ul>\n<\/div><\/div>\n\n\n\n<hr class=\"wp-block-separator has-alpha-channel-opacity is-style-wide\"\/>\n<\/div>\n\n\n\n<div class=\"wp-block-column is-vertically-aligned-top has-palette-color-7-background-color has-background is-layout-flow wp-block-column-is-layout-flow\" style=\"flex-basis:33.33%\">\n<h2 class=\"wp-block-heading has-text-align-center has-palette-color-6-background-color has-background has-medium-font-size\">\u2049\ufe0f Questions &amp; R\u00e9ponses<\/h2>\n\n\n<div class=\"su-accordion su-u-trim\">\n<div class=\"su-spoiler su-spoiler-style-fancy su-spoiler-icon-chevron-circle su-spoiler-closed\" data-scroll-offset=\"0\" data-anchor-in-url=\"no\"><div class=\"su-spoiler-title\" tabindex=\"0\" role=\"button\"><span class=\"su-spoiler-icon\"><\/span>Qui est derri\u00e8re la lettre de d\u00e9couverte 'Sous les Radars' ?<\/div><div class=\"su-spoiler-content su-u-clearfix su-u-trim\"> La lettre de d\u00e9couverte <i>Sous les Radars<\/i> est r\u00e9dig\u00e9e et publi\u00e9e par <b>le Petit Actionnaire<\/b>.<\/p>\n<p>Investisseur boursier depuis 2016, auteur de <i>Investir sereinement en bourse<\/i> et <b>ancien Conseiller en Investissement Financier<\/b>, il anime \u00e9galement le compte X \/ Twitter \u00e9ponyme (@lp_Actionnaire). Lequel f\u00e9d\u00e8re pr\u00e8s de 20.000 abonn\u00e9s.  <\/div><\/div>\n<div class=\"su-spoiler su-spoiler-style-fancy su-spoiler-icon-chevron-circle su-spoiler-closed\" data-scroll-offset=\"0\" data-anchor-in-url=\"no\"><div class=\"su-spoiler-title\" tabindex=\"0\" role=\"button\"><span class=\"su-spoiler-icon\"><\/span>Des entreprises 'd\u00e9couvertes' ?<\/div><div class=\"su-spoiler-content su-u-clearfix su-u-trim\"> Les entreprises qualifi\u00e9es de &#8216;small &#038; mid caps&#8217; sont celles dont la capitalisation boursi\u00e8re est comprise <b>entre 300 millions $ et 10 milliards de $<\/b>.<\/p>\n<p>En r\u00e8gle g\u00e9n\u00e9rale, les investisseurs &#8216;grand public&#8217; francophones n&#8217;investissent pas sur ces entreprises. Mis \u00e0 part sur quelques titres fran\u00e7ais connus pour leurs activit\u00e9s dans le pays.<\/p>\n<p>De ce fait, d\u00e8s lors que l&#8217;on s&#8217;\u00e9loigne des march\u00e9s fran\u00e7ais, les &#8216;small &#038; mid caps&#8217; \u00e9trang\u00e8res ressemblent \u00e0 des OVNI pour le grand public francophone europ\u00e9en.<\/p>\n<p>Aussi, <b>le Petit Actionnaire<\/b> \u00e9tant l&#8217;un des premiers (si ce n&#8217;est le premier) \u00e0 pr\u00e9senter ces titres au &#8216;grand public&#8217; francophone europ\u00e9en, il est tout \u00e0 fait coh\u00e9rent et r\u00e9aliste de parler de &#8216;d\u00e9couvertes&#8217; d&#8217;entreprises.<\/div><\/div>\n<div class=\"su-spoiler su-spoiler-style-fancy su-spoiler-icon-chevron-circle su-spoiler-closed\" data-scroll-offset=\"0\" data-anchor-in-url=\"no\"><div class=\"su-spoiler-title\" tabindex=\"0\" role=\"button\"><span class=\"su-spoiler-icon\"><\/span>Comment fonctionne la lettre de d\u00e9couverte 'Sous les Radars' ?<\/div><div class=\"su-spoiler-content su-u-clearfix su-u-trim\"> La lettre de d\u00e9couverte <i>Sous les Radars<\/i> fonctionne de la m\u00eame fa\u00e7on qu&#8217;une Newsletter.<\/p>\n<p>Chaque mois, elle est envoy\u00e9e \u00e0 l&#8217;ensemble des abonn\u00e9s (gratuits et Premium). Les premiers y d\u00e9couvrent 1 &#8216;small &#038; mid cap&#8217; \u2728<b>Qualit\u00e9<\/b> \u2728<b>Potentiel<\/b> d\u00e9couverte et s\u00e9lectionn\u00e9e par <b>le Petit Actionnaire<\/b>. Les seconds (abonn\u00e9s Premium) d\u00e9couvrent quant \u00e0 eux, en exclusivit\u00e9, 4 de ces entreprises ! <\/div><\/div>\n<div class=\"su-spoiler su-spoiler-style-fancy su-spoiler-icon-chevron-circle su-spoiler-closed\" data-scroll-offset=\"0\" data-anchor-in-url=\"no\"><div class=\"su-spoiler-title\" tabindex=\"0\" role=\"button\"><span class=\"su-spoiler-icon\"><\/span>Quelles sont les formules d'abonnement \u00e0 la lettre de d\u00e9couverte 'Sous les Radars' ?<\/div><div class=\"su-spoiler-content su-u-clearfix su-u-trim\"> Il existe deux formules d&#8217;abonnement \u00e0 la lettre de d\u00e9couverte <i>Sous les Radars<\/i>. La premi\u00e8re est la formule <b>gratuite<\/b>, et la seconde la formule <b>Premium<\/b> (\u00e0 partir de 7,9\u20ac par mois).<\/div><\/div>\n<div class=\"su-spoiler su-spoiler-style-fancy su-spoiler-icon-chevron-circle su-spoiler-closed\" data-scroll-offset=\"0\" data-anchor-in-url=\"no\"><div class=\"su-spoiler-title\" tabindex=\"0\" role=\"button\"><span class=\"su-spoiler-icon\"><\/span>Pourquoi ce nom 'Sous les Radars' ?<\/div><div class=\"su-spoiler-content su-u-clearfix su-u-trim\"> Tout simplement parce que cette lettre de d\u00e9couverte pr\u00e9sente des entreprises qui passent litt\u00e9ralement&#8230; <b>sous les radars<\/b> !<\/div><\/div>\n<div class=\"su-spoiler su-spoiler-style-fancy su-spoiler-icon-chevron-circle su-spoiler-closed\" data-scroll-offset=\"0\" data-anchor-in-url=\"no\"><div class=\"su-spoiler-title\" tabindex=\"0\" role=\"button\"><span class=\"su-spoiler-icon\"><\/span>Toutes les entreprises d\u00e9couvertes par 'le Petit Actionnaire' sont-elles devenues des \u2728P\u00e9pites ?<\/div><div class=\"su-spoiler-content su-u-clearfix su-u-trim\"> Les soci\u00e9t\u00e9s pr\u00e9sent\u00e9es en page d&#8217;accueil sont celles ayant le mieux perform\u00e9 parmi celles d\u00e9couvertes par <b>le Petit Actionnaire<\/b>.<\/p>\n<p>D&#8217;autres, non cit\u00e9es, affichent des performances plus faibles, voir n\u00e9gatives \u00e0 mi-f\u00e9vrier 2025 : <b>Toll Brothers<\/b> (d\u00e9cembre 2023, +20%), <b>Docebo<\/b> (d\u00e9cembre 2023, -5%) ou encore <b>Revenio<\/b> (courant 2023, -10%).<\/p>\n<p>En outre, d&#8217;autres soci\u00e9t\u00e9s d\u00e9couvertes fin 2024 affichent (toujours \u00e0 mi-f\u00e9vrier 2025) des performances variables. N\u00e9anmoins, il n&#8217;y a pas encore suffisamment de recul pour pouvoir r\u00e9ellement les qualifier.<\/div><\/div>\n<div class=\"su-spoiler su-spoiler-style-fancy su-spoiler-icon-chevron-circle su-spoiler-closed\" data-scroll-offset=\"0\" data-anchor-in-url=\"no\"><div class=\"su-spoiler-title\" tabindex=\"0\" role=\"button\"><span class=\"su-spoiler-icon\"><\/span>Qu'est-ce que le 'Salon Confidentiel' ?<\/div><div class=\"su-spoiler-content su-u-clearfix su-u-trim\"> Le <b>Salon Confidentiel<\/b> est un espace r\u00e9serv\u00e9 aux abonn\u00e9s <b>Premium<\/b>. Ce lieu feutr\u00e9 et discret leur offre divers avantages <i>Sous les Radars<\/i> ! Mais Chut ! C&#8217;est confidentiel&#8230; <\/div><\/div>\n<\/div>\n<\/div>\n<\/div>\n\n\n\n<p><\/p>\n","protected":false},"excerpt":{"rendered":"<p>Lettre de D\u00e9couverte mensuellesmall &amp; mid caps m\u00e9connues\u2728Qualit\u00e9 \u2728Potentiel \u2728Originalit\u00e9 \u2728Lettres publi\u00e9es \u2049\ufe0f Questions &amp; R\u00e9ponses<\/p>\n","protected":false},"author":1,"featured_media":0,"parent":0,"menu_order":1,"comment_status":"closed","ping_status":"closed","template":"","meta":{"footnotes":""},"class_list":["post-184","page","type-page","status-publish","hentry"],"blocksy_meta":{"has_hero_section":"disabled","styles_descriptor":{"styles":{"desktop":"","tablet":"","mobile":""},"google_fonts":[],"version":6}},"_links":{"self":[{"href":"https:\/\/souslesradars.club\/index.php\/wp-json\/wp\/v2\/pages\/184","targetHints":{"allow":["GET"]}}],"collection":[{"href":"https:\/\/souslesradars.club\/index.php\/wp-json\/wp\/v2\/pages"}],"about":[{"href":"https:\/\/souslesradars.club\/index.php\/wp-json\/wp\/v2\/types\/page"}],"author":[{"embeddable":true,"href":"https:\/\/souslesradars.club\/index.php\/wp-json\/wp\/v2\/users\/1"}],"replies":[{"embeddable":true,"href":"https:\/\/souslesradars.club\/index.php\/wp-json\/wp\/v2\/comments?post=184"}],"version-history":[{"count":18,"href":"https:\/\/souslesradars.club\/index.php\/wp-json\/wp\/v2\/pages\/184\/revisions"}],"predecessor-version":[{"id":396,"href":"https:\/\/souslesradars.club\/index.php\/wp-json\/wp\/v2\/pages\/184\/revisions\/396"}],"wp:attachment":[{"href":"https:\/\/souslesradars.club\/index.php\/wp-json\/wp\/v2\/media?parent=184"}],"curies":[{"name":"wp","href":"https:\/\/api.w.org\/{rel}","templated":true}]}}